{"id":902,"date":"2013-05-26T22:44:03","date_gmt":"2013-05-26T20:44:03","guid":{"rendered":"http:\/\/konyvhetszeged2013.sk-szeged.hu\/?page_id=902"},"modified":"2013-06-07T17:35:17","modified_gmt":"2013-06-07T15:35:17","slug":"konyvhet-2013","status":"publish","type":"page","link":"http:\/\/konyvhetszeged2013.sk-szeged.hu\/?page_id=902","title":{"rendered":"K\u00f6nyvh\u00e9t, 2013"},"content":{"rendered":"<p><a href=\"http:\/\/konyvhetszeged2013.sk-szeged.hu\/wp-content\/uploads\/2013\/05\/plakat.jpg\"><img loading=\"lazy\" decoding=\"async\" class=\"alignleft size-medium wp-image-958\" alt=\"plakat\" src=\"http:\/\/konyvhetszeged2013.sk-szeged.hu\/wp-content\/uploads\/2013\/05\/plakat.jpg\" width=\"296\" height=\"419\" srcset=\"http:\/\/konyvhetszeged2013.sk-szeged.hu\/wp-content\/uploads\/2013\/05\/plakat.jpg 500w, http:\/\/konyvhetszeged2013.sk-szeged.hu\/wp-content\/uploads\/2013\/05\/plakat-212x300.jpg 212w\" sizes=\"auto, (max-width: 296px) 100vw, 296px\" \/><\/a><br \/>\n<a href=\"http:\/\/www.unnepikonyvhet.hu\/\" target=\"_blank\">Az orsz\u00e1gos program<\/a><\/p>\n<p><span style=\"color: #ea4e1b;\">84. \u00dcNNEPI K\u00d6NYVH\u00c9T \u00c9S<\/span><br \/>\n<span style=\"color: #ea4e1b;\"> 12. GYERMEKK\u00d6NYVNAPOK, SZEGED<br \/>\n<\/span><\/p>\n<p>A Dugonics t\u00e9ren: j\u00fanius 6\u201310.<br \/>\nAz int\u00e9zm\u00e9nyekben: j\u00fanius 4\u201313.<br \/>\n<a href=\"http:\/\/konyvhetszeged2013.sk-szeged.hu\/?p=17\">Megnyit\u00f3: j\u00fanius 6. 16.30, Dugonics t\u00e9r<\/a><br \/>\n<a href=\"http:\/\/konyvhetszeged2013.sk-szeged.hu\/wp-content\/uploads\/2013\/06\/programfuzet_teljes.pdf\" target=\"_blank\">Programf\u00fczet<\/a><\/p>\n<p>A k\u00f6nyv szegedi \u00fcnnep\u00e9nek <strong>k\u00f6zpontja 2013-ban ism\u00e9t a Dugonics t\u00e9r<\/strong>, de a v\u00e1rosban m\u00e9g k\u00f6zel harminc helysz\u00ednen tartanak irodalmi, zen\u00e9s-t\u00e1ncos, gyermek- \u00e9s filmes programokat. M\u00e9g a tavalyin\u00e1l is sz\u00ednesebb az idei szegedi k\u00f6nyvh\u00e9t palett\u00e1ja \u2013 k\u00f6sz\u00f6nhet\u0151en a partnerek \u00e9vr\u0151l-\u00e9vre b\u0151v\u00fcl\u0151 t\u00e1bor\u00e1nak.<\/p>\n<p>Id\u00e9n sem hi\u00e1nyoznak a kor\u00e1bban megszokott, visszat\u00e9r\u0151 \u00e9s nagy k\u00f6z\u00f6ns\u00e9get vonz\u00f3 programok. A <strong>\u201eszegedis\u00e9g\u201d<\/strong> jegy\u00e9ben bemutatj\u00e1k a Szegedt\u0151l Szegedig antol\u00f3gia leg\u00fajabb k\u00f6tet\u00e9t, a v\u00e1roshoz k\u00f6t\u0151d\u0151 szerz\u0151kkel tal\u00e1lkozhatnak az \u00e9rdekl\u0151d\u0151k, megkoron\u00e1zz\u00e1k a K\u00f6nyvkir\u00e1lyt, s meg\u00fcnneplik \u201ea V\u00e1ros foly\u00f3irata\u201d, a Szeged f\u00f6nn\u00e1ll\u00e1s\u00e1nak 25. \u00e9vfordul\u00f3j\u00e1t. Sz\u00f3l majd dixie-, t\u00e9r- \u00e9s n\u00e9pzene, az Olvas\u00f3- \u00e9s J\u00e1tsz\u00f3ligetben k\u00e9preg\u00e9nyrajzol\u00e1s, digit\u00e1lis planet\u00e1rium, j\u00e1tsz\u00f3h\u00e1z, \u201ehangszersimogat\u00f3\u201d, valamint a vadaspark \u00e9s a f\u00fcv\u00e9szkert h\u00edvogatja a gyermekes csal\u00e1dokat.<\/p>\n<p>A szegedi \u00c9v K\u00f6nyve d\u00edj idei nyertese Nagy Band\u00f3 Andr\u00e1s, akivel szem\u00e9lyesen is tal\u00e1lkozhatnak olvas\u00f3i. \u201eH\u00faz\u00f3nevekben\u201d sem lesz hi\u00e1ny. A szegedi k\u00f6nyvhetet 2013-ban <strong>Ny\u00e1ry Kriszti\u00e1n irodalomt\u00f6rt\u00e9n\u00e9sz nyitja meg<\/strong>, akinek az \u00edr\u00f3k-k\u00f6lt\u0151k szerelmeir\u0151l sz\u00f3l\u00f3, \u00cdgy szerettek \u0151k c\u00edm\u0171 k\u00f6tete a Facebookon is nagy n\u00e9pszer\u0171s\u00e9gnek \u00f6rvend. A szegediek k\u00f6z\u00fcl j\u00f6n Temesi Ferenc, valamint Dinny\u00e9s J\u00f3zsef \u201edaltulajdonos\u201d, akir\u0151l k\u00f6nyvet \u00edrtak, negyven\u00f6t \u00e9ves munk\u00e1ss\u00e1g\u00e1nak legjobb dalait pedig \u00faj lemez\u00e9n gy\u0171jt\u00f6tt\u00e9k \u00f6ssze.<\/p>\n<p>\u00daj partnerk\u00e9nt jelentkezik a <strong>Belv\u00e1rosi mozi<\/strong>, amelynek \u201e\u00cdr\u00f3k a moziban\u201d sorozata \u00edr\u00f3k forgat\u00f3k\u00f6nyveib\u0151l k\u00e9sz\u00fclt filmeket mutat be. \u00cdgy t\u00f6bbek k\u00f6z\u00f6tt Z\u00e1vada P\u00e1l Jadviga p\u00e1rn\u00e1ja, Grecs\u00f3 Kriszti\u00e1n Hasutasok c\u00edm\u0171 alkot\u00e1s\u00e1t is l\u00e1thatja a k\u00f6z\u00f6ns\u00e9g. Szabadt\u00e9ri vet\u00edt\u00e9sen mutatj\u00e1k be a Szezon c\u00edm\u0171 filmet, amely Podmaniczky Szil\u00e1rd \u00edr\u00e1s\u00e1b\u00f3l k\u00e9sz\u00fclt. A sz\u00ednh\u00e1zi szerz\u0151k k\u00f6z\u00f6tt itt lesz Pozsgay Zsolt, aki Pip\u00e1s Pista t\u00f6rt\u00e9net\u00e9nek sz\u00ednrevitel\u00e9vel keltett nagy \u00e9rdekl\u0151d\u00e9st a k\u00f6z\u00f6ns\u00e9g k\u00f6r\u00e9ben. A<strong> Corvina<\/strong> k\u00f6nyvkiad\u00f3 \u00f6n\u00e1ll\u00f3 standdal v\u00e1rja olvas\u00f3it, a gyerekek \u00e9rdekl\u0151d\u00e9sre pedig a Man\u00f3 K\u00f6nyvek \u00e9s a Pozsonyi Pagony kiad\u00f3k sz\u00e1m\u00edtanak.<\/p>\n<hr \/>\n<p><span style=\"color: #ea4e1b;\">DARVASI L\u00c1SZL\u00d3T\u00d3L A 84. \u00dcNNEPI K\u00d6NYVH\u00c9T EL\u00c9<\/span><\/p>\n<p dir=\"ltr\" id=\"docs-internal-guid-2710c390-f270-7198-f30d-945586dd8a08\"><a href=\"http:\/\/konyvhetszeged2013.sk-szeged.hu\/wp-content\/uploads\/2013\/05\/darvasi_laszlo.jpg\"><img loading=\"lazy\" decoding=\"async\" class=\"alignleft size-medium wp-image-1199\" alt=\"darvasi_laszlo\" src=\"http:\/\/konyvhetszeged2013.sk-szeged.hu\/wp-content\/uploads\/2013\/05\/darvasi_laszlo-300x201.jpg\" width=\"243\" height=\"163\" srcset=\"http:\/\/konyvhetszeged2013.sk-szeged.hu\/wp-content\/uploads\/2013\/05\/darvasi_laszlo-300x201.jpg 300w, http:\/\/konyvhetszeged2013.sk-szeged.hu\/wp-content\/uploads\/2013\/05\/darvasi_laszlo.jpg 400w\" sizes=\"auto, (max-width: 243px) 100vw, 243px\" \/><\/a>Az olvas\u00e1s az ember legink\u00e1bb mag\u00e1t\u00f3l \u00e9rtet\u0151d\u0151 szakr\u00e1lis tev\u00e9kenys\u00e9ge. Csakhogy olyan szakralit\u00e1s ez, amit soha nem kell \u00e9szben tartanunk, mik\u00f6zben olvasunk.<\/p>\n<p dir=\"ltr\">Mennyire nem jut az esz\u00fcnkbe, hogy az ember t\u00f6bb \u00e9vezredes t\u00f6rt\u00e9net\u00e9ben mind\u00f6ssze m\u00e1sf\u00e9lsz\u00e1z \u00e9ve olvas \u00e1ltal\u00e1nosan. Az olvas\u00e1s nagy \u00e9s sz\u00e9p titka, hogy m\u00e9gis olyan, mintha az ember sz\u00fclet\u00e9s\u00e9vel sz\u00fcletett volna meg \u0151 is.<\/p>\n<p dir=\"ltr\">Az olvas\u00e1s egyik nagy titka, hogy az ember \u00fagy \u00e9rezheti, egyetlen k\u00f6nyvbe belef\u00e9r az eg\u00e9sz vil\u00e1g. S e titok nagyszer\u0171s\u00e9ge, hogy nyilv\u00e1n \u00edgy is van, m\u00e9g ha nem is foghatjuk fel, hogyan.<\/p>\n<p dir=\"ltr\">Az olvas\u00e1s egyszerre eml\u00e9kez\u00e9s \u00e9s teremt\u00e9s.<\/p>\n<p dir=\"ltr\">Eml\u00e9ksz\u00fcnk arra, ami majd lesz, \u00e9s megteremt\u00fcnk olyasmit, ami egy\u00e9bk\u00e9nt lehetetlen.<\/p>\n<p dir=\"ltr\"><a href=\"http:\/\/konyvhetszeged2013.sk-szeged.hu\/?p=400\">J\u00fanius 7-\u00e9n a Dugonics t\u00e9ren tart\u00f3zkod\u00f3k k\u00f6z\u00f6sen felolvass\u00e1k Darvasi L\u00e1szl\u00f3 Az\u00e9rt olvasok c\u00edm\u0171 sz\u00f6veg\u00e9t, melyet a szerz\u0151 kifejezetten erre az alkalomra \u00edrt.<\/a><\/p>\n<hr \/>\n<p><span style=\"color: #ea4e1b;\">\u00dcNNEPI K\u00d6NYVH\u00c9T, 2012 \u2013 PILLANATK\u00c9PEK<\/span><\/p>\n<p><iframe loading=\"lazy\" src=\"http:\/\/www.youtube.com\/embed\/RSW36UWvqbg\" height=\"315\" width=\"420\" allowfullscreen=\"\" frameborder=\"0\"><\/iframe><\/p>\n<p><a href=\"http:\/\/konyvhetszeged2012.sk-szeged.hu\" target=\"_blank\">\u00dcnnepi K\u00f6nyvh\u00e9t Szeged, 2012<\/a><\/p>\n<hr \/>\n<p><span style=\"color: #ea4e1b;\">A RENDEZV\u00c9NYSOROZAT T\u00c1MOGAT\u00d3I<\/span><\/p>\n<p><a href=\"http:\/\/www.szegedvaros.hu\/\" target=\"_blank\">Szeged Megyei Jog\u00fa V\u00e1ros \u00d6nkorm\u00e1nyzata<\/a> | <a href=\"http:\/\/www.sk-szeged.hu\" target=\"_blank\">Somogyi-k\u00f6nyvt\u00e1r<\/a> | <a href=\"http:\/\/www.delmagyar.hu\" target=\"_blank\">D\u00e9lmagyarorsz\u00e1g<\/a> |\u00a0 <a href=\"http:\/\/millenniumikavehaz.hu\/\" target=\"_blank\">Millenniumi K\u00e1v\u00e9h\u00e1z \u00e9s Klub<\/a> | <a href=\"http:\/\/www.napsugarashaz.hu\/\" target=\"_blank\">Napsugaras H\u00e1z \u2013 Als\u00f3v\u00e1rosi T\u00e1jh\u00e1z<\/a> | <a href=\"http:\/\/www.btsainyomda.hu\/\" target=\"_blank\">B\u00e1ba \u00e9s T\u00e1rsai Kft.<\/a> | <a href=\"http:\/\/www.grandcafe.szeged.hu\/index.php?option=com_frontpage&amp;Itemid=1\" target=\"_blank\">Grand Caf\u00e9<\/a> |<a href=\"http:\/\/www.tktv.hu\/\" target=\"_blank\">Tarj\u00e1ni K\u00e1beltelev\u00edzi\u00f3<\/a> | <a href=\"http:\/\/www.lazikiado.hu\/\" target=\"_blank\">Lazi K\u00f6nyvkiad\u00f3<\/a> | Szegedi \u00cdr\u00f3k T\u00e1rsas\u00e1ga | <a href=\"http:\/\/www.lira.hu\/kiado\/magveto\/\" target=\"_blank\">Magvet\u0151 Kiad\u00f3<\/a> | <a href=\"http:\/\/www.fo.hu\/\" target=\"_blank\">L\u00edra K\u00f6nyv Zrt. F\u00f3kusz K\u00f6nyv\u00e1ruh\u00e1z<\/a> | <a href=\"http:\/\/egigerokonyvek.hu\" target=\"_blank\">\u00c9gig\u00e9r\u0151<\/a> |\u00a0SZTE Szegedi Egyetemi Kiad\u00f3 \u00e9s M\u00e9diacentrum | <a href=\"http:\/\/www.radio88.hu\/\" target=\"_blank\">R\u00e1di\u00f388<\/a> | K\u00e9k Eur\u00f3pa St\u00fadi\u00f3 | <a href=\"http:\/\/www.rekreacio.eu\/\" target=\"_blank\">rekreacio.eu<\/a> | <a href=\"http:\/\/www.pagony.hu\/\" target=\"_blank\">Pozsonyi Pagony Kft<\/a> | <a href=\"http:\/\/www.minority-szeged.hu\/\" target=\"_blank\">Szegedi Nemzetis\u00e9gi \u00d6nkorm\u00e1nyzatok T\u00e1rsul\u00e1sa Nemzetis\u00e9gek H\u00e1za<\/a> | <a href=\"http:\/\/www.fna.hu\/\" target=\"_blank\">F\u00f6ld Napja Alap\u00edtv\u00e1ny<\/a> | <a href=\"http:\/\/www.kisalfold.hu\/breki_magazin\/\" target=\"_blank\">Breki Magazin<\/a> | <a href=\"http:\/\/www.improstudio.hu\/impro-tarsulat\/30-geneziusz-szinhaz.html\" target=\"_blank\">Gen\u00e9ziusz Sz\u00ednh\u00e1z<\/a> | <a href=\"http:\/\/partiscum.blogspot.hu\/\" target=\"_blank\">Partiscum Csillag\u00e1szati Egyes\u00fclet<\/a><b> <\/b>| <a href=\"http:\/\/www.belvarosimozi.hu\/\" target=\"_blank\">Belv\u00e1rosi mozi, Szeged<\/a> | <a href=\"http:\/\/www.fuveszkert.u-szeged.hu\/\" target=\"_blank\">Szegedi Tudom\u00e1nyegyetem F\u00fcv\u00e9szkert<\/a> | <a href=\"http:\/\/szegedcafe.hu\/\" target=\"_blank\">SzegedCaf\u00e9<\/a> | <a href=\"http:\/\/knp.nemzetipark.gov.hu\/\" target=\"_blank\">Kiskuns\u00e1gi Nemzeti Park Igazgat\u00f3s\u00e1g<\/a> | <a href=\"https:\/\/www.facebook.com\/zeroszeged\">ZERO Art Cafe<\/a> | <a href=\"http:\/\/www.csml.hu\/\" target=\"_blank\">Magyar Nemzeti Lev\u00e9lt\u00e1r Csongr\u00e1d Megyei Lev\u00e9lt\u00e1ra<\/a> | <a href=\"http:\/\/www.tiszapart.hu\/\" target=\"_blank\">TiszapART TV<\/a> | <a href=\"http:\/\/www.hungarovox.hu\/\" target=\"_blank\">HUNGAROVOX Oktat\u00e1si St\u00fadi\u00f3 \u00e9s Kiad\u00f3<\/a> | <a href=\"http:\/\/www.corvinakiado.hu\/\" target=\"_blank\">Corvina Kiad\u00f3 Kft.<\/a> |\u00a0Podmaniczky M\u0171v\u00e9szeti Alap\u00edtv\u00e1ny | <a href=\"http:\/\/www.szepiroktarsasaga.hu\/index.php\" target=\"_blank\">Sz\u00e9p\u00edr\u00f3k T\u00e1rsas\u00e1ga<\/a> | <a href=\"http:\/\/www.szegedi-horvatok.net\/onkormanyzat.htm\" target=\"_blank\">Szegedi Horv\u00e1t Nemzetis\u00e9gi \u00d6nkorm\u00e1nyzat<\/a> | <a href=\"http:\/\/www.olaszkave.com\/\" target=\"_blank\">Eurocaf Kft.<\/a> | <a href=\"http:\/\/www.szegedibolgarok.hu\/\" target=\"_blank\">Bolg\u00e1r Bar\u00e1ti T\u00e1rsas\u00e1g<\/a> | <a href=\"http:\/\/www.szerb.hu\/\" target=\"_blank\">Szerb Orsz\u00e1gos \u00d6nkorm\u00e1nyzat<\/a> | <a href=\"http:\/\/www.zetna.org\" target=\"_blank\">zEtna<\/a> |\u00a0<a href=\"http:\/\/www.vtvszeged.hu\" target=\"_blank\">V\u00e1rosi Telev\u00edzi\u00f3 Szeged<\/a> |\u00a0Croatica Nonprofit Kft. | <a href=\"http:\/\/www.szegedilap.hu\/\" target=\"_blank\">szegedilap.hu<\/a> |\u00a0<a href=\"http:\/\/www.szuperinfo.hu\/csongrad\/szeged\" target=\"_blank\">Szegedi Szuperinf\u00f3<\/a> | <a href=\"http:\/\/www2.u-szeged.hu\/irsi\/ed\/\" target=\"_blank\">Europe Direct Szeged<\/a> | <a href=\"http:\/\/szegedma.hu\/\" target=\"_blank\">szegedma.hu<\/a> | <a href=\"http:\/\/www.tiszataj.hu\/\" target=\"_blank\">Tiszat\u00e1j<\/a> |\u00a0<a href=\"http:\/\/varoskep.szeged.hu\/data\/index.php\" target=\"_blank\">Szegedi V\u00e1rosk\u00e9p Kft.<\/a>, valamint a fell\u00e9p\u0151 m\u0171v\u00e9szeti csoportok, \u00edr\u00f3k, k\u00f6lt\u0151k, m\u0171sorvezet\u0151k, k\u00f6zrem\u0171k\u00f6d\u0151k \u00e9s a k\u00f6nyves szakm\u00e1k k\u00e9pvisel\u0151i<\/p>\n","protected":false},"excerpt":{"rendered":"<p>Az orsz\u00e1gos program 84. \u00dcNNEPI K\u00d6NYVH\u00c9T \u00c9S 12. GYERMEKK\u00d6NYVNAPOK, SZEGED A Dugonics t\u00e9ren: j\u00fanius 6\u201310. Az int\u00e9zm\u00e9nyekben: j\u00fanius 4\u201313. Megnyit\u00f3: j\u00fanius 6. 16.30, Dugonics t\u00e9r Programf\u00fczet A k\u00f6nyv szegedi \u00fcnnep\u00e9nek k\u00f6zpontja 2013-ban ism\u00e9t a Dugonics t\u00e9r, de a v\u00e1rosban m\u00e9g &hellip; <a href=\"http:\/\/konyvhetszeged2013.sk-szeged.hu\/?page_id=902\">Tov\u00e1bb <span class=\"meta-nav\">&rarr;<\/span><\/a><\/p>\n","protected":false},"author":2,"featured_media":0,"parent":0,"menu_order":0,"comment_status":"open","ping_status":"open","template":"","meta":{"ngg_post_thumbnail":0,"footnotes":""},"class_list":["post-902","page","type-page","status-publish","hentry"],"_links":{"self":[{"href":"http:\/\/konyvhetszeged2013.sk-szeged.hu\/index.php?rest_route=\/wp\/v2\/pages\/902","targetHints":{"allow":["GET"]}}],"collection":[{"href":"http:\/\/konyvhetszeged2013.sk-szeged.hu\/index.php?rest_route=\/wp\/v2\/pages"}],"about":[{"href":"http:\/\/konyvhetszeged2013.sk-szeged.hu\/index.php?rest_route=\/wp\/v2\/types\/page"}],"author":[{"embeddable":true,"href":"http:\/\/konyvhetszeged2013.sk-szeged.hu\/index.php?rest_route=\/wp\/v2\/users\/2"}],"replies":[{"embeddable":true,"href":"http:\/\/konyvhetszeged2013.sk-szeged.hu\/index.php?rest_route=%2Fwp%2Fv2%2Fcomments&post=902"}],"version-history":[{"count":84,"href":"http:\/\/konyvhetszeged2013.sk-szeged.hu\/index.php?rest_route=\/wp\/v2\/pages\/902\/revisions"}],"predecessor-version":[{"id":907,"href":"http:\/\/konyvhetszeged2013.sk-szeged.hu\/index.php?rest_route=\/wp\/v2\/pages\/902\/revisions\/907"}],"wp:attachment":[{"href":"http:\/\/konyvhetszeged2013.sk-szeged.hu\/index.php?rest_route=%2Fwp%2Fv2%2Fmedia&parent=902"}],"curies":[{"name":"wp","href":"https:\/\/api.w.org\/{rel}","templated":true}]}}