{"id":1639,"date":"2013-05-30T00:28:34","date_gmt":"2013-05-29T22:28:34","guid":{"rendered":"http:\/\/konyvhetszeged2013.sk-szeged.hu\/?page_id=1639"},"modified":"2013-06-21T15:30:14","modified_gmt":"2013-06-21T13:30:14","slug":"rolunk-irtak","status":"publish","type":"page","link":"http:\/\/konyvhetszeged2013.sk-szeged.hu\/?page_id=1639","title":{"rendered":"A m\u00e9di\u00e1ban"},"content":{"rendered":"<ul>\n<li>\u00d6sszefoglal\u00f3<\/li>\n<\/ul>\n<p><a href=\"http:\/\/www.tktv.hu\/videok\/gallery.html?galleryid=2&amp;videoid=a1jTy9uC4Co#youtubegallery\" target=\"_blank\">Szegedi Ablak \u2013 v\u00e1logat\u00e1s az \u00dcnnepi K\u00f6nyvh\u00e9t programjaib\u00f3l<\/a> (tktv.hu)<br \/>\n<a href=\"http:\/\/www.irodalmijelen.hu\/node\/16868\" target=\"_blank\">A szegedi K\u00f6nyvh\u00e9t k\u00e9pekben<\/a> (irodalmijelen.hu)<\/p>\n<ul>\n<li>J\u00fanius 13. (cs\u00fct\u00f6rt\u00f6k)<\/li>\n<\/ul>\n<p><a href=\"http:\/\/tiszatajonline.hu\/?p=32914\" target=\"_blank\">A b\u00f6lcselet fikcionaliz\u00e1l\u00e1sa<\/a> (tiszatajonline.hu)<\/p>\n<ul>\n<li>J\u00fanius 10. (h\u00e9tf\u0151)<\/li>\n<\/ul>\n<p><a href=\"http:\/\/szegedma.hu\/hir\/szeged\/2013\/06\/25-eves-a-szeged-folyoirat.html\" target=\"_blank\">A 25 \u00e9ves Szeged foly\u00f3iratr\u00f3l a k\u00f6nyvh\u00e9ten<\/a> (szegedma.hu)<br \/>\n<a href=\"http:\/\/szegedma.hu\/hir\/szeged\/2013\/06\/kihez-beszel-ez-a-faszi-tarcak-egy-szegedi-irotol.html\" target=\"_blank\">Kihez besz\u00e9l ez a faszi? \u2013 t\u00e1rc\u00e1k egy szegedi \u00edr\u00f3t\u00f3l<\/a> (szegedma.hu)<br \/>\n<a href=\"http:\/\/www.kulturpart.hu\/uzenet_a_foldrol\/34810\/akasztjak_a_hoherokat\" target=\"_blank\">Akasztj\u00e1k a h\u00f3h\u00e9rokat<\/a> (kulturpart.hu)<br \/>\n<a href=\"http:\/\/tiszatajonline.hu\/?p=32563\" target=\"_blank\">K\u00f6nyvheti napl\u00f3, Szeged, j\u00fanius 10., h\u00e9tf\u0151<\/a> (tiszatajonline.hu)<br \/>\n<a href=\"http:\/\/szegedma.hu\/hir\/szeged\/2013\/06\/hetfoi-programajanlo-konyvkavalkad-es-jazz-video.html\" target=\"_blank\">K\u00f6nyvkavalk\u00e1d \u00e9s jazz<\/a> (szegedma.hu)<\/p>\n<ul>\n<li>J\u00fanius 9. (vas\u00e1rnap)<\/li>\n<\/ul>\n<p><a href=\"http:\/\/tiszatajonline.hu\/?p=32549\" target=\"_blank\">K\u00f6nyv \u00e9s sz\u00ednh\u00e1z: Vas\u00e1rnap d\u00e9lut\u00e1n a Dugonics t\u00e9ren<\/a> (tiszatajonline.hu)<br \/>\n<a href=\"http:\/\/mediakommando.hu\/interju-pilcz-rolanddal-a-kalyber-joe-alkotojaval\/\" target=\"_blank\">Interj\u00fa Pilcz Rolanddal, a Kalyber Joe alkot\u00f3j\u00e1val<\/a> (mediakommando.hu)<br \/>\n<a href=\"http:\/\/www.szinhaz.szeged.hu\/sznsz\/hirek\/hirek-esemenyek\/2013\/06\/10\/pipas-pista-konyvheten\" target=\"_blank\">Pip\u00e1s Pista a K\u00f6nyvh\u00e9ten \u2013gal\u00e9ria<\/a> (szinhaz.szeged.hu)<br \/>\n<a href=\"http:\/\/www.delmagyar.hu\/szeged_hirek\/zavada_pal_ertem_az_elettol_kapott_fajdalmat\/2336834\/\" target=\"_blank\">Z\u00e1vada P\u00e1l: \u00c9rtem az \u00e9lett\u0151l kapott f\u00e1jdalmat<\/a> (delmagyar.hu)<br \/>\n<a href=\"http:\/\/www.delmagyar.hu\/szte\/misszio_szakkonyvkiadas\/2336734\/\" target=\"_blank\">Misszi\u00f3: szakk\u00f6nyvkiad\u00e1s<\/a> (delmagyar.hu)<br \/>\n<a href=\"http:\/\/szegedma.hu\/hir\/szeged\/2013\/06\/a-kortars-maskent-szol-podmaniczky-es-hay-a-szinpadon-a-szinpadrol-fotok.html\" target=\"_blank\">A kort\u00e1rs m\u00e1sk\u00e9nt sz\u00f3l \u2013 Podmaniczky \u00e9s H\u00e1y a sz\u00ednpadon a sz\u00ednpadr\u00f3l<\/a> (szegedma.hu)<br \/>\n<a href=\"http:\/\/www.delmagyar.hu\/szeged_hirek\/haverok_beszelnek_mikrofonba_jol\/2336760\/\" target=\"_blank\">Haverok besz\u00e9lnek mikrofonba, j\u00f3l<\/a> (delmagyar.hu)<br \/>\n<a href=\"http:\/\/www.u-szeged.hu\/hirek\/2013-junius\/zuluk-uzenete?objectParentFolderId=21067\" target=\"_blank\">A zuluk \u00fczenete<\/a> (u-szeged.hu)<br \/>\n<a href=\"http:\/\/www.u-szeged.hu\/hirek\/2013-junius\/terzene-fricsay?objectParentFolderId=21067\" target=\"_blank\">T\u00e9rzene a Fricsay F\u00fav\u00f3szenekart\u00f3l<\/a> (u-szeged.hu)<br \/>\n<a href=\"http:\/\/www.u-szeged.hu\/hirek\/2013-junius\/muhelybeszelgetesek-5?objectParentFolderId=21067\" target=\"_blank\">Benyik Gy\u00f6rgy a nyelvek kam\u00e9leonj\u00e1r\u00f3l<\/a> (u-szeged.hu)<br \/>\n<a href=\" (mediakommando.hu)\" target=\"_blank\">84. \u00dcnnepi K\u00f6nyvh\u00e9t \u2013 Dugonics t\u00e9r \u2013 2013. 06. 09. vas\u00e1rnap<\/a> (mediakommando.hu)<br \/>\n<a href=\"http:\/\/csodaceruza.hu\/?p=10054\" target=\"_blank\">Csodaceruza \u2013 vas\u00e1rnap az \u00dcnnepi K\u00f6nyvh\u00e9ten<\/a> (csodaceruza.hu)<\/p>\n<ul>\n<li>J\u00fanius 8. (szombat)<\/li>\n<\/ul>\n<p><a href=\"hhttps:\/\/szegedma.hu\/hir\/szeged\/2013\/06\/egy-nap-a-szegedi-irokkal-a-venusz-vonulasatol-a-kepregenyekig.html\" target=\"_blank\">Egy nap a szegedi \u00edr\u00f3kkal: a V\u00e9nusz vonul\u00e1s\u00e1t\u00f3l a k\u00e9preg\u00e9nyekig<\/a> (szegedma.hu)<br \/>\n<a href=\"http:\/\/www.delmagyar.hu\/szeged_hirek\/hangjukat_adtak_az_onkentesek\/2336692\/\" target=\"_blank\">Hangjukat adt\u00e1k az \u00f6nk\u00e9ntesek<\/a> (delmagyar.hu)<br \/>\n<a href=\"http:\/\/tiszatajonline.hu\/?p=32444\" target=\"_blank\">K\u00f6nyvek szombatra &#8211; 2013<\/a> (tiszatajonline.hu)<br \/>\n<a href=\"https:\/\/szegedma.hu\/hir\/szeged\/2013\/06\/hetvegi-programajanlobetukavalkad-es-csaladi-nap.html\" target=\"_blank\">Bet\u0171kavalk\u00e1d \u00e9s csal\u00e1di nap<\/a> (szegedma.hu)<\/p>\n<ul>\n<li>J\u00fanius 7. (p\u00e9ntek)<\/li>\n<\/ul>\n<p><a href=\"http:\/\/tiszatajonline.hu\/?p=32351\" target=\"_blank\">K\u00f6nyvheti p\u00e9ntek\u00fcnnep<\/a> (tiszatajonline.hu)<br \/>\n<a href=\"http:\/\/www.delmagyar.hu\/szeged_hirek\/vartunk_vartunk_vartunk_esett\/2336649\/\" target=\"_blank\">V\u00e1rtunk, v\u00e1rtunk, v\u00e1rtunk, esett \u2013 Irodalmi flashmob a Dugonics t\u00e9ren<\/a> (delmagyar.hu)<br \/>\n<a href=\"http:\/\/szegedcafe.hu\/2013\/06\/07\/pilcz-roland-kalyber-joe-kepregeny-konyvhet-szeged\/\" target=\"_blank\">Pilcz Roland: ha kell, sz\u00f3r\u00f3lapozok a hazai k\u00e9preg\u00e9nyek\u00e9rt<\/a> (szegedcafe.hu)<br \/>\n<a href=\"http:\/\/iszeged.hu\/program\/kanon-a-vulkanon\" target=\"_blank\">K\u00e1non a vulk\u00e1non&#8230;<\/a> (iszeged.hu)<br \/>\n<a href=\"http:\/\/www.u-szeged.hu\/hirek\/2013-junius\/epulo-eli-is-szerepet?objectParentFolderId=21067\" target=\"_blank\">Az \u00e9p\u00fcl\u0151 ELI is szerepet kapott az Id\u0151fut\u00e1rban<\/a> (u-szeged.hu)<br \/>\n<a href=\"http:\/\/szegedma.hu\/hir\/szeged\/2013\/06\/nyolcvan-konyvvel-foglalta-el-a-konyvbirodalom-tronjat-hanna.html\" target=\"_blank\">Nyolcvan k\u00f6nyvvel foglalta el a k\u00f6nyvbirodalom tr\u00f3nj\u00e1t Hanna<\/a> (szegedma.hu)<br \/>\n<a href=\"http:\/\/www.delmagyar.hu\/szeged_hirek\/hanna_lett_a_konyvkiraly\/2336597\/\" target=\"_blank\">Hanna lett a k\u00f6nyvkir\u00e1ly<\/a> (delmagyar.hu)<br \/>\n<a href=\"http:\/\/www.u-szeged.hu\/hirek\/2013-junius\/delelott-mesebirodalom?objectParentFolderId=21067\" target=\"_blank\">D\u00e9lel\u0151tt a mesebirodalom kir\u00e1lyaival \u00e9s kir\u00e1lyn\u0151ivel a k\u00f6nyvh\u00e9ten<\/a> (u-szeged.hu)<br \/>\n<a href=\"http:\/\/szegedma.hu\/hir\/szeged\/2013\/06\/penteki-programajanlo-konyvkiraly-city-bike-es-szokratesz-gyermekei-videok.html\" target=\"_blank\">K\u00f6nyvkir\u00e1ly, City Bike \u00e9s Sz\u00f3krat\u00e9sz gyermekei<\/a> (szegedma.hu)<\/p>\n<ul>\n<li>J\u00fanius 6. (cs\u00fct\u00f6rt\u00f6k)<\/li>\n<\/ul>\n<p><a href=\"http:\/\/tiszatajonline.hu\/?p=32283\" target=\"_blank\">\u00dajra k\u00f6nyv\u00fcnnep \u2013 A \u201eszentek \u00e9letrajza\u201d az \u00f6sszetett mondat rejtek\u00e9ben<\/a> (tiszatajonline.hu)<br \/>\n<a href=\"http:\/\/szegedcafe.hu\/2013\/06\/09\/konyv-a-facebookrol-interju-nyary-krisztian-oromiroval\/\" target=\"_blank\">K\u00f6nyv a Facebookr\u00f3l \u2013 interj\u00fa Ny\u00e1ry Kriszti\u00e1n \u00f6r\u00f6m\u00edr\u00f3val<\/a> (szegedcafe.hu)<br \/>\n<a href=\"http:\/\/www.delmagyar.hu\/szeged_hirek\/nagy_bando_andras_a_giliszta-leten_szeretnek_valtoztatni\/2336537\/?utm_source=rssfeed\" target=\"_blank\">Nagy Band\u00f3 Andr\u00e1s: A giliszta-l\u00e9ten szeretn\u00e9k v\u00e1ltoztatni<\/a> (delmagyar.hu)<br \/>\n<a href=\"http:\/\/szegedcafe.hu\/2013\/06\/08\/ilyen-volt-regen-nagy-bando-az-ev-konyve-dij-nyertese\/\" target=\"_blank\">Ilyen volt r\u00e9gen Nagy-Band\u00f3, az \u00c9v K\u00f6nyve d\u00edj nyertese<\/a> (szegedcafe.hu)<br \/>\n<a href=\"http:\/\/szeged.hir24.hu\/szeged\/2013\/06\/07\/a-legszogedibb-pesti-iro-dedikalt-a-dugonics-teren\/\" target=\"_blank\">A legsz\u00f6gedibb pesti \u00edr\u00f3 dedik\u00e1lt a Dugonics t\u00e9ren<\/a> (szeged.hir24.hu)<br \/>\n<a href=\"http:\/\/www.delmagyar.hu\/szeged_hirek\/a_venusz_vonulasa\/2337042\/\" target=\"_blank\">A V\u00e9nusz vonul\u00e1sa<\/a> (delmagyar.hu)<br \/>\n<a href=\"http:\/\/www.u-szeged.hu\/hirek\/2013-majus\/megnyito?galleryID=0\" target=\"_blank\">Megny\u00edlt a szegedi k\u00f6nyvh\u00e9t \u2013 gal\u00e9ria<\/a> (u-szeged.hu)<br \/>\n<a href=\"http:\/\/www.u-szeged.hu\/hirek\/2013-junius\/szerelmes-novellak?objectParentFolderId=21067\" target=\"_blank\">Szerelmes novell\u00e1k \u2013 seniorok \u00edr\u00f3iskol\u00e1j\u00e1t seg\u00edti az egyetemi oktat\u00f3<\/a> (u-szeged.hu)<br \/>\n<a href=\"http:\/\/www.u-szeged.hu\/hirek\/2013-junius\/konyvheten-olvasas?objectParentFolderId=21067\" target=\"_blank\">K\u00f6nyvh\u00e9ten az olvas\u00e1s gy\u00f6ny\u00f6r\u0171s\u00e9g\u00e9r\u0151l<\/a> (u-szeged.hu)<br \/>\n<a href=\"http:\/\/www.szeged.polgarinfo.hu\/modules.php?name=News&amp;file=print&amp;sid=163\" target=\"_blank\">K\u00f6nyves v\u00e1ros ny\u00edlt a meg\u00fajult Dugonics t\u00e9ren<\/a> (polgarinfo.hu)<br \/>\n<a href=\"http:\/\/vtvszeged.hu\/hun\/s_%21news\/i_2\/i_9890\/index.html\" target=\"_blank\">Ny\u00e1ry Kriszti\u00e1n nyitotta meg a K\u00f6nyvhetet<\/a> (vtvszeged.hu)<br \/>\n<a href=\"http:\/\/szeged.hu\/hirek\/18435-konyves-varos-nyilt-a-megujult-dugonics-teren.html?utm_source=rss&amp;utm_medium=rss&amp;utm_campaign=rss\" target=\"_blank\">K\u00f6nyves v\u00e1ros ny\u00edlt a meg\u00fajult Dugonics t\u00e9ren<\/a> (szeged.hu)<br \/>\n<a href=\"http:\/\/www.szegedkultur.hu\/elkezdodott-a84-unnepi-konyvhet\/\" target=\"_blank\">Elkezd\u0151d\u00f6tt a 84. \u00dcnnepi K\u00f6nyvh\u00e9t<\/a> (szegedkultur.hu)<br \/>\n<a href=\"http:\/\/www.delmagyar.hu\/kepek\/megnyilt_a_szegedi_konyvhet\/2033166\/\" target=\"_blank\">Megny\u00edlt a szegedi k\u00f6nyvh\u00e9t \u2013 K\u00e9pek<\/a> (delmagyar.hu)<br \/>\n<a href=\"http:\/\/www.delmagyar.hu\/szeged_hirek\/megnyitotta_kapuit_a_szegedi_konyvvaros\/2336481\/\" target=\"_blank\">Megnyitotta kapuit a szegedi k\u00f6nyvv\u00e1ros<\/a> (delmagyar.hu)<br \/>\n<a href=\"http:\/\/szegedcafe.hu\/2013\/06\/06\/alig-olvasunk-de-szeretjuk-a-konyveket\/\" target=\"_blank\">Alig olvasunk, de szeretj\u00fck a k\u00f6nyveket<\/a> (szegedcafe.hu)<br \/>\n<a href=\"http:\/\/szegedcafe.hu\/galeria\/galeria\/kozelet\/hivatalosan-is-megnyilt-az-unnepi-konyvhet-szegeden\/\" target=\"_blank\">Hivatalosan is megny\u00edlt az \u00dcnnepi K\u00f6nyvh\u00e9t Szegeden \u2013 Gal\u00e9ria<\/a> (szegedcafe.hu)<br \/>\n<a href=\"http:\/\/szegedma.hu\/hir\/szeged\/2013\/06\/eloben-jelentkezik-az-unnepi-konyvhetrol-a-szegedma-hu.html\" target=\"_blank\">Ny\u00e1ryval, Temesivel \u00e9s Nagy Band\u00f3val a szegedi k\u00f6nyvkavalk\u00e1dban<\/a> (szegedma.hu)<br \/>\n<a href=\"http:\/\/szegedma.hu\/hir\/szeged\/2013\/06\/megfilmesitesert-kialt-az-ev-konyve-nagy-bando-andrassal-beszelgettunk.html\" target=\"_blank\">Megfilmes\u00edt\u00e9s\u00e9rt ki\u00e1lt az \u00c9v K\u00f6nyve \u2013 Nagy Band\u00f3 Andr\u00e1ssal besz\u00e9lgett\u00fcnk<\/a> (szegedma.hu)<br \/>\n<a href=\"http:\/\/szegedma.hu\/hir\/szeged\/2013\/06\/csutortoki-programajanlo-startol-a-84-unnepi-konyvhet.html\" target=\"_blank\">Startol a 84. \u00dcnnepi K\u00f6nyvh\u00e9t<\/a> (szegedma.hu)<br \/>\n<a href=\"http:\/\/www.magyarszo.com\/hu\/1992\/kultura_irodalom\/97496\/Az-%C3%89letjel-kiad%C3%B3-Szegeden.htm\" target=\"_blank\">Az \u00c9letjel kiad\u00f3 Szegeden<\/a> (magyarszo.com)<\/p>\n<ul>\n<li>J\u00fanius 5. (szerda)<\/li>\n<\/ul>\n<p><a href=\"http:\/\/szegedma.hu\/hir\/szeged\/2013\/06\/szerdai-programajanlo-konyvkavalkad-es-improv-est.html\" target=\"_blank\">K\u00f6nyvkavalk\u00e1d \u00e9s Improv Est<\/a> (szegedma.hu)<\/p>\n<ul>\n<li>J\u00fanius 4. (kedd)<\/li>\n<\/ul>\n<p><a href=\"http:\/\/szegedma.hu\/hir\/szeged\/2013\/06\/dorozsma-masodik-honfoglalojara-emlekeztek-fotok.html#more-320180\" target=\"_blank\">Dorozsma m\u00e1sodik honfoglal\u00f3j\u00e1ra eml\u00e9keztek<\/a> (szegedma.hu)<br \/>\n<a href=\"http:\/\/szegedma.hu\/hir\/szeged\/2013\/06\/keddi-programajanlo-dumaszinhaz-es-molyrajzas-video.html\" target=\"_blank\">Dumasz\u00ednh\u00e1z \u00e9s molyrajz\u00e1s<\/a> (szegedma.hu)<\/p>\n<ul>\n<li>\u201eBeharangoz\u00f3k\u201d<\/li>\n<\/ul>\n<p><a href=\"http:\/\/cultura.hu\/aktualis\/konyvek-es-programok-szegeden\/\" target=\"_blank\">K\u00f6nyvek \u00e9s programok Szegeden<\/a> (cultura.hu)<br \/>\n<a href=\"http:\/\/www.kultura.hu\/irodalom-orszagszerte\" target=\"_blank\">Irodalom orsz\u00e1gszerte az \u00dcnnepi K\u00f6nyvh\u00e9ten<\/a> (kultura.hu)<br \/>\n<a href=\"http:\/\/www.tktv.hu\/videok\/gallery.html?galleryid=2&amp;videoid=q1582gzVXsA#youtubegallery\" target=\"_blank\">Indul az \u00dcnnepi K\u00f6nyvh\u00e9t \u2013 sajt\u00f3t\u00e1j\u00e9koztat\u00f3 a Somogyi-k\u00f6nyvt\u00e1rban<\/a> (tktv.hu)<br \/>\n<a href=\"http:\/\/szeged.hir24.hu\/programok\/2013\/06\/05\/csutortoktol-konyvhet\/%7E%7Efokusz\" target=\"_blank\">Cs\u00fct\u00f6rt\u00f6kt\u0151l K\u00f6nyvh\u00e9t<\/a> (szeged.hir24.hu)<br \/>\n<a href=\"http:\/\/szeged.hir24.hu\/szeged\/2013\/06\/05\/konyvunnep-sok-felhovel\/\" target=\"_blank\">K\u00f6nyv\u00fcnnep, sok felh\u0151vel<\/a> (szeged.hir24.hu)<br \/>\n<a href=\"http:\/\/mediakommando.hu\/konyvhet-2013\/\" target=\"_blank\">K\u00f6nyvh\u00e9t 2013<\/a> (mediakommando.hu)<br \/>\n<a href=\"http:\/\/www.vajma.info\/cikk\/kultura\/8620\/84-Unnepi-Konyvhet-es-12-Gyermekkonyvnapok-Szegeden.html\" target=\"_blank\">84. \u00dcnnepi K\u00f6nyvh\u00e9t \u00e9s 12. Gyermekk\u00f6nyvnapok Szegeden<\/a> (vajma.info.hu)<br \/>\n<a href=\"http:\/\/www.partyponty.hu\/posts\/3605-flashmob-a-dugonics-teren\" target=\"_blank\">Flashmob a Dugonics t\u00e9ren<\/a> (partyponty.hu)<br \/>\n<a href=\"http:\/\/www.delmagyar.hu\/szeged_hirek\/konyvhet_mar_csak_egyet_kell_aludni\/2336292\/\" target=\"_blank\">K\u00f6nyvh\u00e9t: m\u00e1r csak egyet kell aludni<\/a> (delmagyar.hu)<br \/>\n<a href=\"http:\/\/www.kultography.hu\/2013\/06\/05\/konyvbemutatok-dedikalasok-beszelgetesek-orszagszerte-a-84-unnepi-konyvheten\/\" target=\"_blank\">K\u00f6nyvbemutat\u00f3k, dedik\u00e1l\u00e1sok, besz\u00e9lget\u00e9sek orsz\u00e1gszerte a 84. \u00dcnnepi K\u00f6nyvh\u00e9ten<\/a> (kultography.hu)<br \/>\n<a href=\"http:\/\/www.jgypk.hu\/gyakktar\/unnepi-konyvhet-szegeden-2013-jun-4-13\/\" target=\"_blank\">\u00dcnnepi K\u00f6nyvh\u00e9t Szegeden \u2013 2013. j\u00fan. 4-13.<\/a> (jgypk.hu)<br \/>\n<a href=\"http:\/\/www.delmagyar.hu\/szeged_hirek\/konyvhet_keddtol_az_intezmenyekben_\/2336076\/\" target=\"_blank\">K\u00f6nyvh\u00e9t: keddt\u0151l az int\u00e9zm\u00e9nyekben<\/a> (delmagyar.hu)<br \/>\n<a href=\"http:\/\/www.magyarszo.com\/hu\/1992\/kultura_irodalom\/97495\/A-zentai-kiad%C3%B3k-bemutatkoz%C3%A1sa.htm\" target=\"_blank\">A zentai kiad\u00f3k bemutatkoz\u00e1sa<\/a> (magyarszo.hu)<br \/>\n<a href=\"http:\/\/www.vjm.hu\/itthon\/itt-a-nyar-irany-szeged\/9262\/\" target=\"_blank\">Itt a ny\u00e1r, ir\u00e1ny Szeged<\/a> (vjm.hu)<br \/>\n<a href=\"http:\/\/www.librarius.hu\/hirek\/35-hirek-roeviden\/3112-uets-programok-a-szegedi-koenyvheten\" target=\"_blank\">\u00dct\u0151s programok a szegedi K\u00f6nyvh\u00e9ten<\/a> (librarius.hu)<br \/>\n<a href=\"http:\/\/www.szegedilap.hu\/cikkek\/kultureset\/a-84.-unnepi-konyvhet-szegeden.html\" target=\"_blank\">A 84. \u00dcnnepi K\u00f6nyvh\u00e9t Szegeden<\/a> (szegedilap.hu)<br \/>\n<a href=\"http:\/\/www.irodalmijelen.hu\/node\/16758\" target=\"_blank\">\u00dcnnepi K\u00f6nyvh\u00e9t \u2013 Sz\u00e1mtalan programot rendeznek Szegeden<\/a> (irodalmijelen.hu)<br \/>\n<a href=\"http:\/\/idesuss.hu\/hirek\/szeged-es-a-konyvek-776\" target=\"_blank\">Szeged \u00e9s a k\u00f6nyvek<\/a> (idesuss.com)<br \/>\n<a href=\"http:\/\/www.youtube.com\/watch?v=bBc3xHHqVN8\" target=\"_blank\">K\u00f6nyvh\u00e9t 2013 Szeged &#8211; besz\u00e9lget\u00e9s And\u00f3czi Balogh \u00c9v\u00e1val<\/a><br \/>\n<a href=\"http:\/\/szegedhotel.cc\/ismet-sztarirok-jonnek-az-unnepi-konyvhetre-6282313\" target=\"_blank\">Ism\u00e9t szt\u00e1r\u00edr\u00f3k j\u00f6nnek az \u00dcnnepi K\u00f6nyvh\u00e9tre<\/a> (szegedhotel.cc)<br \/>\n<a href=\"http:\/\/konyvmolyz.web4.hu\/cikk\/unnepi-konyvhet-szamtalan-programot-rendeznek-szegeden\" target=\"_blank\">\u00dcnnepi K\u00f6nyvh\u00e9t &#8211; Sz\u00e1mtalan programot rendeznek Szegeden<\/a> (konyvmolyz.web4.hu)<br \/>\n<a href=\"http:\/\/www.szegedkultur.hu\/planetarium-konyvek-szerzok-ujra-konyvhet-szegeden\/\" target=\"_blank\">Planet\u00e1rium, k\u00f6nyvek, szerz\u0151k \u00fajra k\u00f6nyvh\u00e9t Szegeden<\/a> (szegedkultur.hu)<br \/>\n<a href=\"http:\/\/www.2424.hu\/hir.php?CIKKID=2716\" target=\"_blank\">Az \u00dcnnepi K\u00f6nyvh\u00e9ten sz\u00e1mtalan programot rendeznek Szegeden<\/a> (2424.hu)<br \/>\n<a href=\"http:\/\/www.sikerado.hu\/kultura\/2013\/05\/30\/Szamtalan_programot_rendeznek_Szegeden\" target=\"_blank\">Sz\u00e1mtalan programot rendeznek Szegeden<\/a> (sikerado.hu)<br \/>\n<a href=\"http:\/\/tiszatajonline.hu\/?p=31882\" target=\"_blank\">\u00dcnnepi K\u00f6nyvh\u00e9t \u2013 Sz\u00e1mtalan programot rendeznek Szegeden<\/a> (tiszatajonline.hu)<br \/>\n<a href=\"http:\/\/www.hirado.hu\/Hirek\/2013\/05\/30\/15\/Izgalmas_programokkal_keszul_az_unnepi_konyvhetre_Szeged_.aspx\">Izgalmas programokkal k\u00e9sz\u00fcl az \u00fcnnepi k\u00f6nyvh\u00e9tre Szeged<\/a> (hirado.hu)<br \/>\n<a href=\"http:\/\/szegedcafe.hu\/2013\/05\/30\/ismet-sztarirok-jonnek-az-unnepi-konyvhetre\/\" target=\"_blank\">Ism\u00e9t szt\u00e1r\u00edr\u00f3k j\u00f6nnek az \u00dcnnepi K\u00f6nyvh\u00e9tre<\/a> (szegedcafe.hu)<br \/>\n<a href=\"http:\/\/www.u-szeged.hu\/hirek\/2013-majus\/program-kavalkad-konyv?objectParentFolderId=1191\" target=\"_blank\">Program kavalk\u00e1d a k\u00f6nyv szegedi \u00fcnnep\u00e9n<\/a> (u-szeged.hu)<br \/>\n<a href=\"http:\/\/www.kultura.hu\/fergeteges-programlavina\" target=\"_blank\">Fergeteges programlavina a szegedi k\u00f6nyvh\u00e9ten<\/a> (kultura.hu)<br \/>\n<a href=\"http:\/\/szeged.hir24.hu\/szeged\/2013\/05\/30\/kulonleges-lesz-az-idei-konyvhet%281%29\/%7E%7Efokusz\" target=\"_blank\">K\u00fcl\u00f6nleges lesz az idei k\u00f6nyvh\u00e9t<\/a> (szeged.hir24.hu)<br \/>\n<a href=\"http:\/\/vtvszeged.hu\/hun\/s_%21news\/i__2\/i__9817\" target=\"_blank\">\u00dcnnepi K\u00f6nyvh\u00e9t: Sz\u00e1mtalan program<\/a> (vtvszeged.hu)<br \/>\n<a href=\"http:\/\/www.delmagyar.hu\/szeged_hirek\/konyvhet_huzonevekkel_kiemelt_mediatamogato_a_delmagyarorszag\/2335504\/\" target=\"_blank\">K\u00f6nyvh\u00e9t h\u00faz\u00f3nevekkel: kiemelt m\u00e9diat\u00e1mogat\u00f3 a D\u00e9lmagyarorsz\u00e1g<\/a> (delmagyar.hu)<br \/>\n<a href=\"http:\/\/szeged.hu\/kultura\/hirek\/18356-minden-eddiginel-szinesebb-lesz-az-idei-konyvunnep.html?utm_source=rss&amp;utm_medium=rss&amp;utm_campaign=rss\" target=\"_blank\">Minden eddigin\u00e9l sz\u00ednesebb lesz az idei k\u00f6nyv\u00fcnnep<\/a> (szeged.hu)<br \/>\n<a href=\"http:\/\/szegedma.hu\/hir\/szeged\/2013\/05\/meg-a-tavalyinal-is-szinesebb-konyvhetunk-lesz.html\" target=\"_blank\">M\u00e9g a tavalyin\u00e1l is sz\u00ednesebb k\u00f6nyvhet\u00fcnk lesz<\/a> (szegedma.hu)<br \/>\n<a href=\"http:\/\/www.pagony.hu\/unnepi-konyvhet-szegeden\" target=\"_blank\">\u00dcnnepi K\u00f6nyvh\u00e9t Szegeden<\/a> (pagony.hu)<br \/>\n<a href=\"http:\/\/belfold.facepress.hu\/hirek\/tobb-mint-szaz-program-varja-a-konyvek-szerelmeseit-junius-elejen-201305261049\" target=\"_blank\">T\u00f6bb, mint sz\u00e1z program v\u00e1rja a k\u00f6nyvek szerelmeseit j\u00fanius elej\u00e9n<\/a> (belfold.facepress.hu)<br \/>\n<a href=\"http:\/\/szeged.hir24.hu\/programok\/2013\/05\/25\/a-konyv-szegedi-unnepe\/\" target=\"_blank\">A k\u00f6nyv szegedi \u00fcnnepe<\/a> (szeged.hir24.hu)<\/p>\n<ul>\n<li>Az \u00dcnnepi K\u00f6nyvh\u00e9t kapcs\u00e1n az olvas\u00e1sr\u00f3l<\/li>\n<\/ul>\n<p><a href=\"http:\/\/www.delmagyar.hu\/szeged_hirek\/kedves_irok_a_noknek_irjanak\/2336863\/\" target=\"_blank\">Kedves \u00edr\u00f3k! A n\u0151knek \u00edrjanak!<\/a> (delmagyar.hu)<br \/>\n<a href=\"http:\/\/www.delmagyar.hu\/szeged_hirek\/a_lakossag_negyede_soha_nem_olvas\/2335337\/\" target=\"_blank\">A lakoss\u00e1g negyede soha nem olvas<\/a> (delmagyar.hu)<\/p>\n","protected":false},"excerpt":{"rendered":"<p>\u00d6sszefoglal\u00f3 Szegedi Ablak \u2013 v\u00e1logat\u00e1s az \u00dcnnepi K\u00f6nyvh\u00e9t programjaib\u00f3l (tktv.hu) A szegedi K\u00f6nyvh\u00e9t k\u00e9pekben (irodalmijelen.hu) J\u00fanius 13. (cs\u00fct\u00f6rt\u00f6k) A b\u00f6lcselet fikcionaliz\u00e1l\u00e1sa (tiszatajonline.hu) J\u00fanius 10. (h\u00e9tf\u0151) A 25 \u00e9ves Szeged foly\u00f3iratr\u00f3l a k\u00f6nyvh\u00e9ten (szegedma.hu) Kihez besz\u00e9l ez a faszi? \u2013 t\u00e1rc\u00e1k &hellip; <a href=\"http:\/\/konyvhetszeged2013.sk-szeged.hu\/?page_id=1639\">Tov\u00e1bb <span class=\"meta-nav\">&rarr;<\/span><\/a><\/p>\n","protected":false},"author":2,"featured_media":0,"parent":0,"menu_order":4,"comment_status":"closed","ping_status":"open","template":"","meta":{"ngg_post_thumbnail":0,"footnotes":""},"class_list":["post-1639","page","type-page","status-publish","hentry"],"_links":{"self":[{"href":"http:\/\/konyvhetszeged2013.sk-szeged.hu\/index.php?rest_route=\/wp\/v2\/pages\/1639","targetHints":{"allow":["GET"]}}],"collection":[{"href":"http:\/\/konyvhetszeged2013.sk-szeged.hu\/index.php?rest_route=\/wp\/v2\/pages"}],"about":[{"href":"http:\/\/konyvhetszeged2013.sk-szeged.hu\/index.php?rest_route=\/wp\/v2\/types\/page"}],"author":[{"embeddable":true,"href":"http:\/\/konyvhetszeged2013.sk-szeged.hu\/index.php?rest_route=\/wp\/v2\/users\/2"}],"replies":[{"embeddable":true,"href":"http:\/\/konyvhetszeged2013.sk-szeged.hu\/index.php?rest_route=%2Fwp%2Fv2%2Fcomments&post=1639"}],"version-history":[{"count":81,"href":"http:\/\/konyvhetszeged2013.sk-szeged.hu\/index.php?rest_route=\/wp\/v2\/pages\/1639\/revisions"}],"predecessor-version":[{"id":1642,"href":"http:\/\/konyvhetszeged2013.sk-szeged.hu\/index.php?rest_route=\/wp\/v2\/pages\/1639\/revisions\/1642"}],"wp:attachment":[{"href":"http:\/\/konyvhetszeged2013.sk-szeged.hu\/index.php?rest_route=%2Fwp%2Fv2%2Fmedia&parent=1639"}],"curies":[{"name":"wp","href":"https:\/\/api.w.org\/{rel}","templated":true}]}}